{"id":276,"date":"2014-08-08T08:21:24","date_gmt":"2014-08-08T07:21:24","guid":{"rendered":"http:\/\/www.ferdmc.com\/?page_id=276"},"modified":"2014-08-08T08:39:02","modified_gmt":"2014-08-08T07:39:02","slug":"nutzungsbedingungen","status":"publish","type":"page","link":"https:\/\/www.ferdmc.com\/es\/presse\/nutzungsbedingungen\/","title":{"rendered":"(Deutsch) Nutzungsbedingungen"},"content":{"rendered":"<p class=\"qtranxs-available-languages-message qtranxs-available-languages-message-es\">Disculpa, pero esta entrada est\u00e1 disponible s\u00f3lo en <a href=\"https:\/\/www.ferdmc.com\/de\/wp-json\/wp\/v2\/pages\/276\" class=\"qtranxs-available-language-link qtranxs-available-language-link-de\" title=\"Deutsch\">Alem\u00e1n<\/a>.<\/p>","protected":false},"excerpt":{"rendered":"<p>Disculpa, pero esta entrada est\u00e1 disponible s\u00f3lo en Alem\u00e1n.<\/p>\n","protected":false},"author":1,"featured_media":0,"parent":11,"menu_order":0,"comment_status":"closed","ping_status":"closed","template":"other_with_back.php","meta":{"footnotes":""},"yoast_head":"<!-- This site is optimized with the Yoast SEO plugin v21.8 - https:\/\/yoast.com\/wordpress\/plugins\/seo\/ -->\n<title>Nutzungsbedingungen | ferd management &amp; consulting GmbH<\/title>\n<meta name=\"description\" content=\"Diese Richtlinien regeln die Verwendung von Bildmaterialien in Publikationen.\" \/>\n<meta name=\"robots\" content=\"index, follow, max-snippet:-1, max-image-preview:large, max-video-preview:-1\" \/>\n<link rel=\"canonical\" href=\"https:\/\/www.ferdmc.com\/presse\/nutzungsbedingungen\/\" \/>\n<meta property=\"og:locale\" content=\"es_ES\" \/>\n<meta property=\"og:type\" content=\"article\" \/>\n<meta property=\"og:title\" content=\"Nutzungsbedingungen | ferd management &amp; consulting GmbH\" \/>\n<meta property=\"og:description\" content=\"Diese Richtlinien regeln die Verwendung von Bildmaterialien in Publikationen.\" \/>\n<meta property=\"og:url\" content=\"https:\/\/www.ferdmc.com\/presse\/nutzungsbedingungen\/\" \/>\n<meta property=\"og:site_name\" content=\"ferd management &amp; consulting GmbH\" \/>\n<meta property=\"article:modified_time\" content=\"2014-08-08T07:39:02+00:00\" \/>\n<meta name=\"twitter:label1\" content=\"Tiempo de lectura\" \/>\n\t<meta name=\"twitter:data1\" content=\"1 minuto\" \/>\n<script type=\"application\/ld+json\" class=\"yoast-schema-graph\">{\"@context\":\"https:\/\/schema.org\",\"@graph\":[{\"@type\":\"WebPage\",\"@id\":\"https:\/\/www.ferdmc.com\/presse\/nutzungsbedingungen\/\",\"url\":\"https:\/\/www.ferdmc.com\/presse\/nutzungsbedingungen\/\",\"name\":\"Nutzungsbedingungen | ferd management & consulting GmbH\",\"isPartOf\":{\"@id\":\"https:\/\/www.ferdmc.com\/#website\"},\"datePublished\":\"2014-08-08T07:21:24+00:00\",\"dateModified\":\"2014-08-08T07:39:02+00:00\",\"description\":\"Diese Richtlinien regeln die Verwendung von Bildmaterialien in Publikationen.\",\"breadcrumb\":{\"@id\":\"https:\/\/www.ferdmc.com\/presse\/nutzungsbedingungen\/#breadcrumb\"},\"inLanguage\":\"es\",\"potentialAction\":[{\"@type\":\"ReadAction\",\"target\":[\"https:\/\/www.ferdmc.com\/presse\/nutzungsbedingungen\/\"]}]},{\"@type\":\"BreadcrumbList\",\"@id\":\"https:\/\/www.ferdmc.com\/presse\/nutzungsbedingungen\/#breadcrumb\",\"itemListElement\":[{\"@type\":\"ListItem\",\"position\":1,\"name\":\"Home\",\"item\":\"https:\/\/www.ferdmc.com\/\"},{\"@type\":\"ListItem\",\"position\":2,\"name\":\"Presse\",\"item\":\"https:\/\/www.ferdmc.com\/presse\/\"},{\"@type\":\"ListItem\",\"position\":3,\"name\":\"Nutzungsbedingungen\"}]},{\"@type\":\"WebSite\",\"@id\":\"https:\/\/www.ferdmc.com\/#website\",\"url\":\"https:\/\/www.ferdmc.com\/\",\"name\":\"ferd management &amp; consulting GmbH\",\"description\":\"Optimierte Rechnungsprozesse\",\"potentialAction\":[{\"@type\":\"SearchAction\",\"target\":{\"@type\":\"EntryPoint\",\"urlTemplate\":\"https:\/\/www.ferdmc.com\/?s={search_term_string}\"},\"query-input\":\"required name=search_term_string\"}],\"inLanguage\":\"es\"}]}<\/script>\n<!-- \/ Yoast SEO plugin. -->","yoast_head_json":{"title":"Nutzungsbedingungen | ferd management & consulting GmbH","description":"Diese Richtlinien regeln die Verwendung von Bildmaterialien in Publikationen.","robots":{"index":"index","follow":"follow","max-snippet":"max-snippet:-1","max-image-preview":"max-image-preview:large","max-video-preview":"max-video-preview:-1"},"canonical":"https:\/\/www.ferdmc.com\/presse\/nutzungsbedingungen\/","og_locale":"es_ES","og_type":"article","og_title":"Nutzungsbedingungen | ferd management & consulting GmbH","og_description":"Diese Richtlinien regeln die Verwendung von Bildmaterialien in Publikationen.","og_url":"https:\/\/www.ferdmc.com\/presse\/nutzungsbedingungen\/","og_site_name":"ferd management &amp; consulting GmbH","article_modified_time":"2014-08-08T07:39:02+00:00","twitter_misc":{"Tiempo de lectura":"1 minuto"},"schema":{"@context":"https:\/\/schema.org","@graph":[{"@type":"WebPage","@id":"https:\/\/www.ferdmc.com\/presse\/nutzungsbedingungen\/","url":"https:\/\/www.ferdmc.com\/presse\/nutzungsbedingungen\/","name":"Nutzungsbedingungen | ferd management & consulting GmbH","isPartOf":{"@id":"https:\/\/www.ferdmc.com\/#website"},"datePublished":"2014-08-08T07:21:24+00:00","dateModified":"2014-08-08T07:39:02+00:00","description":"Diese Richtlinien regeln die Verwendung von Bildmaterialien in Publikationen.","breadcrumb":{"@id":"https:\/\/www.ferdmc.com\/presse\/nutzungsbedingungen\/#breadcrumb"},"inLanguage":"es","potentialAction":[{"@type":"ReadAction","target":["https:\/\/www.ferdmc.com\/presse\/nutzungsbedingungen\/"]}]},{"@type":"BreadcrumbList","@id":"https:\/\/www.ferdmc.com\/presse\/nutzungsbedingungen\/#breadcrumb","itemListElement":[{"@type":"ListItem","position":1,"name":"Home","item":"https:\/\/www.ferdmc.com\/"},{"@type":"ListItem","position":2,"name":"Presse","item":"https:\/\/www.ferdmc.com\/presse\/"},{"@type":"ListItem","position":3,"name":"Nutzungsbedingungen"}]},{"@type":"WebSite","@id":"https:\/\/www.ferdmc.com\/#website","url":"https:\/\/www.ferdmc.com\/","name":"ferd management &amp; consulting GmbH","description":"Optimierte Rechnungsprozesse","potentialAction":[{"@type":"SearchAction","target":{"@type":"EntryPoint","urlTemplate":"https:\/\/www.ferdmc.com\/?s={search_term_string}"},"query-input":"required name=search_term_string"}],"inLanguage":"es"}]}},"_links":{"self":[{"href":"https:\/\/www.ferdmc.com\/es\/wp-json\/wp\/v2\/pages\/276"}],"collection":[{"href":"https:\/\/www.ferdmc.com\/es\/wp-json\/wp\/v2\/pages"}],"about":[{"href":"https:\/\/www.ferdmc.com\/es\/wp-json\/wp\/v2\/types\/page"}],"author":[{"embeddable":true,"href":"https:\/\/www.ferdmc.com\/es\/wp-json\/wp\/v2\/users\/1"}],"replies":[{"embeddable":true,"href":"https:\/\/www.ferdmc.com\/es\/wp-json\/wp\/v2\/comments?post=276"}],"version-history":[{"count":5,"href":"https:\/\/www.ferdmc.com\/es\/wp-json\/wp\/v2\/pages\/276\/revisions"}],"predecessor-version":[{"id":283,"href":"https:\/\/www.ferdmc.com\/es\/wp-json\/wp\/v2\/pages\/276\/revisions\/283"}],"up":[{"embeddable":true,"href":"https:\/\/www.ferdmc.com\/es\/wp-json\/wp\/v2\/pages\/11"}],"wp:attachment":[{"href":"https:\/\/www.ferdmc.com\/es\/wp-json\/wp\/v2\/media?parent=276"}],"curies":[{"name":"wp","href":"https:\/\/api.w.org\/{rel}","templated":true}]}}