{"id":37,"date":"2014-02-11T12:59:25","date_gmt":"2014-02-11T11:59:25","guid":{"rendered":"http:\/\/ferdmc.com\/?page_id=37"},"modified":"2015-04-09T13:58:22","modified_gmt":"2015-04-09T12:58:22","slug":"home","status":"publish","type":"page","link":"https:\/\/www.ferdmc.com\/en\/","title":{"rendered":"Home"},"content":{"rendered":"","protected":false},"excerpt":{"rendered":"","protected":false},"author":1,"featured_media":0,"parent":0,"menu_order":0,"comment_status":"closed","ping_status":"closed","template":"startseite.php","meta":{"footnotes":""},"yoast_head":"<!-- This site is optimized with the Yoast SEO plugin v21.8 - https:\/\/yoast.com\/wordpress\/plugins\/seo\/ -->\n<title>ferd management &amp; consulting GmbH<\/title>\n<meta name=\"description\" content=\"Von der Rechnungsstellung \u00fcber die elektronische Verarbeitung bis hin zur rechtskonformen Archivierung. Speichern Sie Ihre Rechnungen in unserem kostenlosen ZUGFeRD Archiv.\" \/>\n<meta name=\"robots\" content=\"index, follow, max-snippet:-1, max-image-preview:large, max-video-preview:-1\" \/>\n<link rel=\"canonical\" href=\"https:\/\/www.ferdmc.com\/\" \/>\n<meta property=\"og:locale\" content=\"en_US\" \/>\n<meta property=\"og:type\" content=\"article\" \/>\n<meta property=\"og:title\" content=\"ferd management &amp; consulting GmbH\" \/>\n<meta property=\"og:description\" content=\"[:de]Wir f\u00f6rdern papierlose Gesch\u00e4ftsprozesse und unterst\u00fctzen bei der Einf\u00fchrung der elektronischen Rechnung: Rechnungsstellung, Verarbeitung, Archivierung.[:en]Von der Rechnungsstellung \u00fcber die elektronische Verarbeitung bis hin zur rechtskonformen Archivierung. Speichern Sie Ihre Rechnungen in unserem kostenlosen ZUGFeRD Archiv.[:]\" \/>\n<meta property=\"og:url\" content=\"https:\/\/www.ferdmc.com\/\" \/>\n<meta property=\"og:site_name\" content=\"ferd management &amp; consulting GmbH\" \/>\n<meta property=\"article:modified_time\" content=\"2015-04-09T12:58:22+00:00\" \/>\n<script type=\"application\/ld+json\" class=\"yoast-schema-graph\">{\"@context\":\"https:\/\/schema.org\",\"@graph\":[{\"@type\":\"WebPage\",\"@id\":\"https:\/\/www.ferdmc.com\/\",\"url\":\"https:\/\/www.ferdmc.com\/\",\"name\":\"ferd management & consulting GmbH\",\"isPartOf\":{\"@id\":\"https:\/\/www.ferdmc.com\/#website\"},\"datePublished\":\"2014-02-11T11:59:25+00:00\",\"dateModified\":\"2015-04-09T12:58:22+00:00\",\"description\":\"[:de]Wir f\u00f6rdern papierlose Gesch\u00e4ftsprozesse und unterst\u00fctzen bei der Einf\u00fchrung der elektronischen Rechnung: Rechnungsstellung, Verarbeitung, Archivierung.[:en]Von der Rechnungsstellung \u00fcber die elektronische Verarbeitung bis hin zur rechtskonformen Archivierung. Speichern Sie Ihre Rechnungen in unserem kostenlosen ZUGFeRD Archiv.[:]\",\"breadcrumb\":{\"@id\":\"https:\/\/www.ferdmc.com\/#breadcrumb\"},\"inLanguage\":\"en-US\",\"potentialAction\":[{\"@type\":\"ReadAction\",\"target\":[\"https:\/\/www.ferdmc.com\/\"]}]},{\"@type\":\"BreadcrumbList\",\"@id\":\"https:\/\/www.ferdmc.com\/#breadcrumb\",\"itemListElement\":[{\"@type\":\"ListItem\",\"position\":1,\"name\":\"Home\",\"item\":\"https:\/\/www.ferdmc.com\/\"},{\"@type\":\"ListItem\",\"position\":2,\"name\":\"[:de]Home[:en]Home[:]\"}]},{\"@type\":\"WebSite\",\"@id\":\"https:\/\/www.ferdmc.com\/#website\",\"url\":\"https:\/\/www.ferdmc.com\/\",\"name\":\"ferd management &amp; consulting GmbH\",\"description\":\"Optimierte Rechnungsprozesse\",\"potentialAction\":[{\"@type\":\"SearchAction\",\"target\":{\"@type\":\"EntryPoint\",\"urlTemplate\":\"https:\/\/www.ferdmc.com\/?s={search_term_string}\"},\"query-input\":\"required name=search_term_string\"}],\"inLanguage\":\"en-US\"}]}<\/script>\n<!-- \/ Yoast SEO plugin. -->","yoast_head_json":{"title":"ferd management & consulting GmbH","description":"Von der Rechnungsstellung \u00fcber die elektronische Verarbeitung bis hin zur rechtskonformen Archivierung. Speichern Sie Ihre Rechnungen in unserem kostenlosen ZUGFeRD Archiv.","robots":{"index":"index","follow":"follow","max-snippet":"max-snippet:-1","max-image-preview":"max-image-preview:large","max-video-preview":"max-video-preview:-1"},"canonical":"https:\/\/www.ferdmc.com\/","og_locale":"en_US","og_type":"article","og_title":"ferd management & consulting GmbH","og_description":"[:de]Wir f\u00f6rdern papierlose Gesch\u00e4ftsprozesse und unterst\u00fctzen bei der Einf\u00fchrung der elektronischen Rechnung: Rechnungsstellung, Verarbeitung, Archivierung.[:en]Von der Rechnungsstellung \u00fcber die elektronische Verarbeitung bis hin zur rechtskonformen Archivierung. Speichern Sie Ihre Rechnungen in unserem kostenlosen ZUGFeRD Archiv.[:]","og_url":"https:\/\/www.ferdmc.com\/","og_site_name":"ferd management &amp; consulting GmbH","article_modified_time":"2015-04-09T12:58:22+00:00","schema":{"@context":"https:\/\/schema.org","@graph":[{"@type":"WebPage","@id":"https:\/\/www.ferdmc.com\/","url":"https:\/\/www.ferdmc.com\/","name":"ferd management & consulting GmbH","isPartOf":{"@id":"https:\/\/www.ferdmc.com\/#website"},"datePublished":"2014-02-11T11:59:25+00:00","dateModified":"2015-04-09T12:58:22+00:00","description":"[:de]Wir f\u00f6rdern papierlose Gesch\u00e4ftsprozesse und unterst\u00fctzen bei der Einf\u00fchrung der elektronischen Rechnung: Rechnungsstellung, Verarbeitung, Archivierung.[:en]Von der Rechnungsstellung \u00fcber die elektronische Verarbeitung bis hin zur rechtskonformen Archivierung. Speichern Sie Ihre Rechnungen in unserem kostenlosen ZUGFeRD Archiv.[:]","breadcrumb":{"@id":"https:\/\/www.ferdmc.com\/#breadcrumb"},"inLanguage":"en-US","potentialAction":[{"@type":"ReadAction","target":["https:\/\/www.ferdmc.com\/"]}]},{"@type":"BreadcrumbList","@id":"https:\/\/www.ferdmc.com\/#breadcrumb","itemListElement":[{"@type":"ListItem","position":1,"name":"Home","item":"https:\/\/www.ferdmc.com\/"},{"@type":"ListItem","position":2,"name":"[:de]Home[:en]Home[:]"}]},{"@type":"WebSite","@id":"https:\/\/www.ferdmc.com\/#website","url":"https:\/\/www.ferdmc.com\/","name":"ferd management &amp; consulting GmbH","description":"Optimierte Rechnungsprozesse","potentialAction":[{"@type":"SearchAction","target":{"@type":"EntryPoint","urlTemplate":"https:\/\/www.ferdmc.com\/?s={search_term_string}"},"query-input":"required name=search_term_string"}],"inLanguage":"en-US"}]}},"_links":{"self":[{"href":"https:\/\/www.ferdmc.com\/en\/wp-json\/wp\/v2\/pages\/37"}],"collection":[{"href":"https:\/\/www.ferdmc.com\/en\/wp-json\/wp\/v2\/pages"}],"about":[{"href":"https:\/\/www.ferdmc.com\/en\/wp-json\/wp\/v2\/types\/page"}],"author":[{"embeddable":true,"href":"https:\/\/www.ferdmc.com\/en\/wp-json\/wp\/v2\/users\/1"}],"replies":[{"embeddable":true,"href":"https:\/\/www.ferdmc.com\/en\/wp-json\/wp\/v2\/comments?post=37"}],"version-history":[{"count":5,"href":"https:\/\/www.ferdmc.com\/en\/wp-json\/wp\/v2\/pages\/37\/revisions"}],"predecessor-version":[{"id":661,"href":"https:\/\/www.ferdmc.com\/en\/wp-json\/wp\/v2\/pages\/37\/revisions\/661"}],"wp:attachment":[{"href":"https:\/\/www.ferdmc.com\/en\/wp-json\/wp\/v2\/media?parent=37"}],"curies":[{"name":"wp","href":"https:\/\/api.w.org\/{rel}","templated":true}]}}